{"id":142,"date":"2025-10-27T22:23:57","date_gmt":"2025-10-27T21:23:57","guid":{"rendered":"https:\/\/manoamano.ar\/?page_id=142"},"modified":"2025-10-27T23:27:36","modified_gmt":"2025-10-27T22:27:36","slug":"encuentro-de-mano-a-mano-y-acrobacia-grupal","status":"publish","type":"page","link":"https:\/\/manoamano.ar\/index.php\/encuentro-de-mano-a-mano-y-acrobacia-grupal\/","title":{"rendered":"Encuentro de Mano A Mano y Acrobacia Grupal"},"content":{"rendered":"\t\t<div data-elementor-type=\"wp-page\" data-elementor-id=\"142\" class=\"elementor elementor-142\" data-elementor-post-type=\"page\">\n\t\t\t\t<div class=\"elementor-element elementor-element-1d1f1a5 e-flex e-con-boxed e-con e-parent\" data-id=\"1d1f1a5\" data-element_type=\"container\" data-settings=\"{&quot;background_background&quot;:&quot;classic&quot;,&quot;position&quot;:&quot;fixed&quot;}\">\n\t\t\t\t\t<div class=\"e-con-inner\">\n\t\t<div class=\"elementor-element elementor-element-31e6141 e-con-full e-flex e-con e-child\" data-id=\"31e6141\" data-element_type=\"container\">\n\t\t\t\t<div class=\"elementor-element elementor-element-e354f99 elementor-widget elementor-widget-theme-site-logo elementor-widget-image\" data-id=\"e354f99\" data-element_type=\"widget\" data-widget_type=\"theme-site-logo.default\">\n\t\t\t\t<div class=\"elementor-widget-container\">\n\t\t\t\t\t\t\t\t\t<a href=\"https:\/\/manoamano.ar\">\n\t\t\t<img decoding=\"async\" width=\"120\" height=\"80\" src=\"https:\/\/manoamano.ar\/wp-content\/uploads\/2024\/09\/cropped-Logo-02-qdamambi7cts5ww1v53kxhkbb2ol1s4835wwx23nk0.png\" class=\"attachment-full size-full wp-image-6\" alt=\"Asociaci\u00f3n Argentina de Mano a Mano\" \/>\t\t\t\t<\/a>\n\t\t\t\t\t\t\t\t\t<\/div>\n\t\t\t\t<\/div>\n\t\t\t\t<\/div>\n\t\t<div class=\"elementor-element elementor-element-127a398 e-con-full e-flex e-con e-child\" data-id=\"127a398\" data-element_type=\"container\">\n\t\t\t\t<div class=\"elementor-element elementor-element-ee9f403 elementor-nav-menu__align-end elementor-nav-menu--dropdown-tablet elementor-nav-menu__text-align-aside elementor-nav-menu--toggle elementor-nav-menu--burger elementor-widget elementor-widget-nav-menu\" data-id=\"ee9f403\" data-element_type=\"widget\" data-settings=\"{&quot;layout&quot;:&quot;horizontal&quot;,&quot;submenu_icon&quot;:{&quot;value&quot;:&quot;&lt;i class=\\&quot;fas fa-caret-down\\&quot;&gt;&lt;\\\/i&gt;&quot;,&quot;library&quot;:&quot;fa-solid&quot;},&quot;toggle&quot;:&quot;burger&quot;}\" data-widget_type=\"nav-menu.default\">\n\t\t\t\t<div class=\"elementor-widget-container\">\n\t\t\t\t\t\t<nav aria-label=\"Menu\" class=\"elementor-nav-menu--main elementor-nav-menu__container elementor-nav-menu--layout-horizontal e--pointer-underline e--animation-fade\">\n\t\t\t\t<ul id=\"menu-1-ee9f403\" class=\"elementor-nav-menu\"><li class=\"menu-item menu-item-type-custom menu-item-object-custom menu-item-25\"><a href=\"index.php\/#inicio\" class=\"elementor-item elementor-item-anchor\">Inicio<\/a><\/li>\n<li class=\"menu-item menu-item-type-custom menu-item-object-custom menu-item-26\"><a href=\"index.php\/#nosotros\" class=\"elementor-item elementor-item-anchor\">Nosotros<\/a><\/li>\n<li class=\"menu-item menu-item-type-post_type menu-item-object-page menu-item-162\"><a href=\"https:\/\/manoamano.ar\/index.php\/encuentro-de-mano-a-mano-y-acrobacia-grupal\/\" class=\"elementor-item\">Encuentro<\/a><\/li>\n<li class=\"menu-item menu-item-type-custom menu-item-object-custom menu-item-27\"><a href=\"index.php\/#equipo\" class=\"elementor-item elementor-item-anchor\">Equipo<\/a><\/li>\n<li class=\"menu-item menu-item-type-custom menu-item-object-custom menu-item-28\"><a href=\"index.php\/#contacto\" class=\"elementor-item elementor-item-anchor\">Contacto<\/a><\/li>\n<\/ul>\t\t\t<\/nav>\n\t\t\t\t\t<div class=\"elementor-menu-toggle\" role=\"button\" tabindex=\"0\" aria-label=\"Menu Toggle\" aria-expanded=\"false\">\n\t\t\t<i aria-hidden=\"true\" role=\"presentation\" class=\"elementor-menu-toggle__icon--open eicon-menu-bar\"><\/i><i aria-hidden=\"true\" role=\"presentation\" class=\"elementor-menu-toggle__icon--close eicon-close\"><\/i>\t\t\t<span class=\"elementor-screen-only\">Menu<\/span>\n\t\t<\/div>\n\t\t\t\t\t<nav class=\"elementor-nav-menu--dropdown elementor-nav-menu__container\" aria-hidden=\"true\">\n\t\t\t\t<ul id=\"menu-2-ee9f403\" class=\"elementor-nav-menu\"><li class=\"menu-item menu-item-type-custom menu-item-object-custom menu-item-25\"><a href=\"index.php\/#inicio\" class=\"elementor-item elementor-item-anchor\" tabindex=\"-1\">Inicio<\/a><\/li>\n<li class=\"menu-item menu-item-type-custom menu-item-object-custom menu-item-26\"><a href=\"index.php\/#nosotros\" class=\"elementor-item elementor-item-anchor\" tabindex=\"-1\">Nosotros<\/a><\/li>\n<li class=\"menu-item menu-item-type-post_type menu-item-object-page menu-item-162\"><a href=\"https:\/\/manoamano.ar\/index.php\/encuentro-de-mano-a-mano-y-acrobacia-grupal\/\" class=\"elementor-item\" tabindex=\"-1\">Encuentro<\/a><\/li>\n<li class=\"menu-item menu-item-type-custom menu-item-object-custom menu-item-27\"><a href=\"index.php\/#equipo\" class=\"elementor-item elementor-item-anchor\" tabindex=\"-1\">Equipo<\/a><\/li>\n<li class=\"menu-item menu-item-type-custom menu-item-object-custom menu-item-28\"><a href=\"index.php\/#contacto\" class=\"elementor-item elementor-item-anchor\" tabindex=\"-1\">Contacto<\/a><\/li>\n<\/ul>\t\t\t<\/nav>\n\t\t\t\t<\/div>\n\t\t\t\t<\/div>\n\t\t\t\t<\/div>\n\t\t<div class=\"elementor-element elementor-element-167dd7d e-con-full elementor-hidden-desktop elementor-hidden-tablet elementor-hidden-mobile e-flex e-con e-child\" data-id=\"167dd7d\" data-element_type=\"container\">\n\t\t\t\t<div class=\"elementor-element elementor-element-d5b69e5 elementor-hidden-mobile elementor-widget elementor-widget-button\" data-id=\"d5b69e5\" data-element_type=\"widget\" data-widget_type=\"button.default\">\n\t\t\t\t<div class=\"elementor-widget-container\">\n\t\t\t\t\t<div class=\"elementor-button-wrapper\">\n\t\t\t<a class=\"elementor-button elementor-button-link elementor-size-sm\" href=\"https:\/\/forms.gle\/spLNFAP2vJpDfWEKA\">\n\t\t\t\t\t\t<span class=\"elementor-button-content-wrapper\">\n\t\t\t\t\t\t<span class=\"elementor-button-icon\">\n\t\t\t\t<i aria-hidden=\"true\" class=\"far fa-arrow-alt-circle-right\"><\/i>\t\t\t<\/span>\n\t\t\t\t\t\t\t\t\t<span class=\"elementor-button-text\">ENCUENTRO<\/span>\n\t\t\t\t\t<\/span>\n\t\t\t\t\t<\/a>\n\t\t<\/div>\n\t\t\t\t<\/div>\n\t\t\t\t<\/div>\n\t\t\t\t<\/div>\n\t\t<div class=\"elementor-element elementor-element-16b209a e-con-full elementor-hidden-mobile e-flex e-con e-child\" data-id=\"16b209a\" data-element_type=\"container\">\n\t\t\t\t<div class=\"elementor-element elementor-element-8b0e3e9 elementor-shape-circle e-grid-align-right elementor-grid-0 elementor-widget elementor-widget-social-icons\" data-id=\"8b0e3e9\" data-element_type=\"widget\" data-widget_type=\"social-icons.default\">\n\t\t\t\t<div class=\"elementor-widget-container\">\n\t\t\t\t\t<div class=\"elementor-social-icons-wrapper elementor-grid\">\n\t\t\t\t\t\t\t<span class=\"elementor-grid-item\">\n\t\t\t\t\t<a class=\"elementor-icon elementor-social-icon elementor-social-icon-facebook elementor-animation-push elementor-repeater-item-e10e485\" href=\"https:\/\/www.facebook.com\/people\/Asociacion-Argentina-de-Mano-A-Mano\/100063753660573\/\" target=\"_blank\">\n\t\t\t\t\t\t<span class=\"elementor-screen-only\">Facebook<\/span>\n\t\t\t\t\t\t<i class=\"fab fa-facebook\"><\/i>\t\t\t\t\t<\/a>\n\t\t\t\t<\/span>\n\t\t\t\t\t\t\t<span class=\"elementor-grid-item\">\n\t\t\t\t\t<a class=\"elementor-icon elementor-social-icon elementor-social-icon-instagram elementor-animation-push elementor-repeater-item-276c3c5\" href=\"https:\/\/www.instagram.com\/asociacionargentinademanoamano\/\" target=\"_blank\">\n\t\t\t\t\t\t<span class=\"elementor-screen-only\">Instagram<\/span>\n\t\t\t\t\t\t<i class=\"fab fa-instagram\"><\/i>\t\t\t\t\t<\/a>\n\t\t\t\t<\/span>\n\t\t\t\t\t\t\t<span class=\"elementor-grid-item\">\n\t\t\t\t\t<a class=\"elementor-icon elementor-social-icon elementor-social-icon-youtube elementor-animation-push elementor-repeater-item-c1b6de0\" href=\"https:\/\/www.youtube.com\/@manoamano.argentina\" target=\"_blank\">\n\t\t\t\t\t\t<span class=\"elementor-screen-only\">Youtube<\/span>\n\t\t\t\t\t\t<i class=\"fab fa-youtube\"><\/i>\t\t\t\t\t<\/a>\n\t\t\t\t<\/span>\n\t\t\t\t\t<\/div>\n\t\t\t\t<\/div>\n\t\t\t\t<\/div>\n\t\t\t\t<\/div>\n\t\t\t\t\t<\/div>\n\t\t\t\t<\/div>\n\t\t<div class=\"elementor-element elementor-element-cf0c917 e-con-full e-flex e-con e-parent\" data-id=\"cf0c917\" data-element_type=\"container\">\n\t\t<div class=\"elementor-element elementor-element-68a9615 e-con-full e-flex e-con e-child\" data-id=\"68a9615\" data-element_type=\"container\" data-settings=\"{&quot;background_background&quot;:&quot;video&quot;,&quot;background_video_link&quot;:&quot;https:\\\/\\\/www.youtube.com\\\/watch?v=_-ghLJE_moE&quot;,&quot;background_play_on_mobile&quot;:&quot;yes&quot;,&quot;background_privacy_mode&quot;:&quot;yes&quot;,&quot;shape_divider_bottom&quot;:&quot;curve&quot;,&quot;shape_divider_bottom_negative&quot;:&quot;yes&quot;}\">\n\t\t<div class=\"elementor-background-video-container\">\n\t\t\t\t\t\t\t<div class=\"elementor-background-video-embed\"><\/div>\n\t\t\t\t\t\t<\/div>\t\t<div class=\"elementor-shape elementor-shape-bottom\" data-negative=\"true\">\n\t\t\t<svg xmlns=\"http:\/\/www.w3.org\/2000\/svg\" viewBox=\"0 0 1000 100\" preserveAspectRatio=\"none\">\n\t<path class=\"elementor-shape-fill\" d=\"M500,97C126.7,96.3,0.8,19.8,0,0v100l1000,0V1C1000,19.4,873.3,97.8,500,97z\"\/>\n<\/svg>\t\t<\/div>\n\t\t\t\t<div class=\"elementor-element elementor-element-5ceabe3 elementor-widget elementor-widget-heading\" data-id=\"5ceabe3\" data-element_type=\"widget\" data-widget_type=\"heading.default\">\n\t\t\t\t<div class=\"elementor-widget-container\">\n\t\t\t<h2 class=\"elementor-heading-title elementor-size-default\">Encuentro de Mano a Mano y Acrobacia Grupal<\/h2>\t\t<\/div>\n\t\t\t\t<\/div>\n\t\t\t\t<\/div>\n\t\t<div class=\"elementor-element elementor-element-21a166b e-flex e-con-boxed e-con e-child\" data-id=\"21a166b\" data-element_type=\"container\">\n\t\t\t\t\t<div class=\"e-con-inner\">\n\t\t\t\t<div class=\"elementor-element elementor-element-416988a elementor-widget elementor-widget-heading\" data-id=\"416988a\" data-element_type=\"widget\" data-widget_type=\"heading.default\">\n\t\t\t\t<div class=\"elementor-widget-container\">\n\t\t\t<h1 class=\"elementor-heading-title elementor-size-default\">T\u00c9RMINOS Y CONDICIONES<\/h1>\t\t<\/div>\n\t\t\t\t<\/div>\n\t\t\t\t<div class=\"elementor-element elementor-element-92a645e elementor-widget elementor-widget-text-editor\" data-id=\"92a645e\" data-element_type=\"widget\" data-widget_type=\"text-editor.default\">\n\t\t\t\t<div class=\"elementor-widget-container\">\n\t\t\t\t\t\t\t<h3><strong>Encuentro de Mano a Mano y Acrobacia Grupal<\/strong><\/h3><h4>Asociaci\u00f3n Argentina de Mano a Mano (AAMAM)<\/h4><p>La finalizaci\u00f3n del proceso de inscripci\u00f3n implica la lectura, comprensi\u00f3n y aceptaci\u00f3n plena e incondicional de los presentes T\u00e9rminos y Condiciones (en adelante, \u00abT&amp;C\u00bb) por parte del\/la Participante, los cuales rigen la inscripci\u00f3n y participaci\u00f3n en el \u00abEncuentro de Mano a Mano y Acrobacia Grupal\u00bb (en adelante, \u00abel Encuentro\u00bb), organizado por la Asociaci\u00f3n Argentina de Mano a Mano (en adelante, \u00abAAMAM\u00bb).<\/p><p><b>1. Sobre la Organizaci\u00f3n (AAMAM)<\/b> AAMAM es una organizaci\u00f3n sin fines de lucro cuyo objetivo principal es promover, fomentar, profesionalizar y federalizar el desarrollo del mano a mano y las acrobacias grupales en Argentina. El trabajo de la comisi\u00f3n organizadora del Encuentro es <i>ad honorem<\/i>.<\/p><p><b>2. Objeto del Encuentro y Destino de Fondos<\/b> El Encuentro anual es una actividad clave de AAMAM. El valor de la inscripci\u00f3n se destina \u00edntegramente a cubrir los costos operativos del evento (tales como honorarios de docentes ajenos a la actividad, seguros, merchandising, alquileres, etc.) y a generar fondos para futuras acciones de fomento de la actividad, en l\u00ednea con los objetivos de la organizaci\u00f3n.<\/p><p><b>3. Inscripci\u00f3n y Tratamiento de Datos Personales<\/b>\u00a0<\/p><p>3.1. <b>Veracidad de la Informaci\u00f3n<\/b>: El\/la Participante se compromete a proporcionar informaci\u00f3n veraz, precisa y completa. Los datos personales solicitados (Nombre, Apellido, DNI y\/o Pasaporte) deber\u00e1n coincidir exactamente con los que figuran en sus documentos legales de identidad.\u00a0<\/p><p>3.2. <b>Uso de Datos<\/b>: El\/la Participante autoriza a AAMAM a utilizar sus datos personales con el \u00fanico fin de gestionar su inscripci\u00f3n, la contrataci\u00f3n de los seguros obligatorios correspondientes y dem\u00e1s tr\u00e1mites administrativos necesarios para su participaci\u00f3n.<\/p><p><b>4. Asunci\u00f3n de Riesgo y Cuidados<\/b>\u00a0<\/p><p>4.1. El\/la Participante comprende y acepta que el mano a mano y la acrobacia grupal son actividades f\u00edsicas que implican un riesgo inherente de lesi\u00f3n. Al inscribirse, declara estar en condiciones f\u00edsicas aptas para la pr\u00e1ctica de la actividad y asume voluntariamente la total responsabilidad por cualquier lesi\u00f3n, accidente o da\u00f1o que pudiera sufrir.\u00a0<\/p><p>4.2. El\/la Participante se compromete activamente a velar por la seguridad colectiva e individual, oblig\u00e1ndose a <b>no exponer a sus compa\u00f1eros ni a s\u00ed mismo\/a a situaciones que representen peligro alguno<\/b>, y a seguir las directrices de seguridad impartidas por la organizaci\u00f3n y los docentes.<\/p><p><b>5. Pol\u00edtica de Cancelaci\u00f3n y Transferencia de Entradas<\/b>\u00a0<\/p><p>5.1. <b>Inexistencia de Reembolso<\/b>: Dada la naturaleza sin fines de lucro del evento y que el valor de la inscripci\u00f3n se destina a cubrir gastos comprometidos con antelaci\u00f3n (docentes, seguros, remeras, etc.), <b>AAMAM no realizar\u00e1 devoluciones ni reembolsos de ning\u00fan tipo<\/b> en caso de que el\/la Participante decida cancelar su asistencia.<\/p><p>\u00a05.2. <b>Transferencia de Titularidad<\/b>: Como \u00fanica alternativa a la cancelaci\u00f3n, el\/la Participante puede gestionar la venta o transferencia de su entrada (cupo) por su cuenta. Para que dicha transferencia sea v\u00e1lida, deber\u00e1 cumplir los siguientes requisitos: a. Solo se aceptar\u00e1n transferencias gestionadas hasta el d\u00eda <b>30 de octubre<\/b> del corriente a\u00f1o. b. El\/la nuevo\/a Participante (cesionario) deber\u00e1 abonar un cargo administrativo de $10.000 (Pesos diez mil), destinado a cubrir los gastos por la reemisi\u00f3n del seguro. c. El\/la nuevo\/a Participante deber\u00e1 completar el formulario de inscripci\u00f3n oficial, adjuntando el comprobante de pago del cargo administrativo. d. El\/la Participante original (cedente) o el\/la nuevo\/a (cesionario) deber\u00e1 notificar el cambio de titularidad enviando un correo a <a class=\"ng-star-inserted\" href=\"mailto:asociacionargentinademanomano@gmail.com\" target=\"_blank\" rel=\"noopener\" data-hveid=\"0\" data-ved=\"0CAAQ_4QMahgKEwjqjee0qcWQAxUAAAAAHQAAAAAQlwE\">asociacionargentinademanomano@gmail.com<\/a>.<\/p><p><b>6. Requisitos de Participaci\u00f3n<\/b> La participaci\u00f3n en el Encuentro est\u00e1 reservada exclusivamente para <b>mayores de 18 a\u00f1os<\/b>. Casos excepcionales de menores de edad (mayores de 16 a\u00f1os con experiencia comprobable) deber\u00e1n ser consultados y autorizados expresamente por la Organizaci\u00f3n antes de realizar la inscripci\u00f3n.<\/p><p><b>7. C\u00f3digo de Conducta, Admisi\u00f3n y Permanencia<\/b>\u00a0<\/p><p>7.1. <b>Derecho de Admisi\u00f3n<\/b>: AAMAM se reserva el estricto derecho de admisi\u00f3n y permanencia en el Encuentro.\u00a0<\/p><p>7.2. <b>Tolerancia Cero a la Violencia<\/b>: El Encuentro se rige por principios de respeto mutuo y cuidado colectivo. AAMAM mantiene una pol\u00edtica de tolerancia cero frente a cualquier forma de violencia (f\u00edsica, verbal, psicol\u00f3gica), acoso o discriminaci\u00f3n. Conforme a la Ley 26.485, cualquier conducta que constituya violencia de g\u00e9nero ser\u00e1 causal de expulsi\u00f3n inmediata y permanente del Encuentro, sin derecho a r\u00e9plica ni reembolso.\u00a0<\/p><p>7.3. <b>Normas de Convivencia y Pr\u00e1ctica<\/b>: El\/la Participante se compromete a cumplir y respetar las siguientes normas obligatorias: a. Realizar entrenamiento libre solo en los horarios y lugares designados para tal fin. b. Mantener un tono de voz bajo para no generar saturaci\u00f3n sonora. c. Portar en todo momento la pulsera identificatoria que se entrega en puerta. d. Respetar los horarios de sue\u00f1o y mantener silencio en las zonas de descanso. e. Luego de comer, retirar todos los residuos y dejar limpia la zona utilizada. f. Queda prohibido ingresar al predio (zonas de entrenamiento) con bebidas alcoh\u00f3licas. g. Queda prohibido lavar mate, utensilios o platos en los ba\u00f1os.\u00a0<\/p><p>7.4. <b>Normas de Talleres<\/b>: a. Si el\/la Participante se incorpora tarde a un taller, deber\u00e1 pedir permiso al\/la docente para ingresar. Asimismo, si debe retirarse antes, deber\u00e1 notificar al\/la docente. b. En talleres que tengan cupo espec\u00edfico, existir\u00e1 la posibilidad de participar como oyente.<\/p><p><b>8. Derechos de Imagen<\/b> Al inscribirse, el\/la Participante cede a AAMAM el derecho de uso, reproducci\u00f3n y difusi\u00f3n de su imagen y voz capturadas en fotograf\u00edas y\/o material audiovisual durante el Encuentro. Esta autorizaci\u00f3n se otorga de forma gratuita, con fines exclusivamente promocionales, educativos y de difusi\u00f3n de las actividades de la asociaci\u00f3n en redes sociales, sitios web y otros medios, sin fines de lucro.<\/p><p><b>9. Deslinde de Responsabilidad por Pertenencias<\/b> AAMAM no se responsabiliza por la p\u00e9rdida, da\u00f1os, robo o hurto de pertenencias personales (dinero, equipos, materiales, etc.) de los\/las participantes durante su permanencia en las instalaciones del Encuentro.<\/p><p><b>10. Cancelaci\u00f3n por Fuerza Mayor<\/b> En el caso eventual de que AAMAM deba cancelar la realizaci\u00f3n del Encuentro por razones de fuerza mayor (ajenas al control de la organizaci\u00f3n, tales como desastres naturales, disposiciones gubernamentales, etc.), la organizaci\u00f3n evaluar\u00e1 la posibilidad de realizar un reembolso parcial del valor de la inscripci\u00f3n, descontando los gastos administrativos y de producci\u00f3n que ya se hayan ejecutado (ej. emisi\u00f3n de seguros, fabricaci\u00f3n de merchandising, etc.).<\/p><p><b>11. Contacto Oficial<\/b> Para cualquier comunicaci\u00f3n oficial referente al Encuentro, el \u00fanico canal v\u00e1lido es el correo electr\u00f3nico: <a class=\"ng-star-inserted\" href=\"mailto:asociacionargentinademanomano@gmail.com\" target=\"_blank\" rel=\"noopener\" data-hveid=\"0\" data-ved=\"0CAAQ_4QMahgKEwjqjee0qcWQAxUAAAAAHQAAAAAQmAE\">asociacionargentinademanomano@gmail.com<\/a>.<\/p>\t\t\t\t\t\t<\/div>\n\t\t\t\t<\/div>\n\t\t\t\t\t<\/div>\n\t\t\t\t<\/div>\n\t\t<div class=\"elementor-element elementor-element-744984f e-con-full e-flex e-con e-child\" data-id=\"744984f\" data-element_type=\"container\" data-settings=\"{&quot;background_background&quot;:&quot;classic&quot;}\">\n\t\t<div class=\"elementor-element elementor-element-dfa8886 e-con-full e-flex e-con e-child\" data-id=\"dfa8886\" data-element_type=\"container\">\n\t\t\t\t<div class=\"elementor-element elementor-element-4b51e1c elementor-widget elementor-widget-image\" data-id=\"4b51e1c\" data-element_type=\"widget\" data-widget_type=\"image.default\">\n\t\t\t\t<div class=\"elementor-widget-container\">\n\t\t\t\t\t\t\t\t\t\t\t\t\t<img decoding=\"async\" width=\"150\" height=\"150\" src=\"https:\/\/manoamano.ar\/wp-content\/uploads\/2024\/09\/Mesa-de-trabajo-1-1-150x150.png\" class=\"attachment-thumbnail size-thumbnail wp-image-123\" alt=\"\" srcset=\"https:\/\/manoamano.ar\/wp-content\/uploads\/2024\/09\/Mesa-de-trabajo-1-1-150x150.png 150w, https:\/\/manoamano.ar\/wp-content\/uploads\/2024\/09\/Mesa-de-trabajo-1-1-300x300.png 300w, https:\/\/manoamano.ar\/wp-content\/uploads\/2024\/09\/Mesa-de-trabajo-1-1-1024x1024.png 1024w, https:\/\/manoamano.ar\/wp-content\/uploads\/2024\/09\/Mesa-de-trabajo-1-1-768x768.png 768w, https:\/\/manoamano.ar\/wp-content\/uploads\/2024\/09\/Mesa-de-trabajo-1-1.png 1080w\" sizes=\"(max-width: 150px) 100vw, 150px\" \/>\t\t\t\t\t\t\t\t\t\t\t\t\t<\/div>\n\t\t\t\t<\/div>\n\t\t\t\t<\/div>\n\t\t<div class=\"elementor-element elementor-element-24764f6 e-con-full e-flex e-con e-child\" data-id=\"24764f6\" data-element_type=\"container\">\n\t\t\t\t<div class=\"elementor-element elementor-element-4fa1ca4 elementor-nav-menu__align-center elementor-nav-menu--dropdown-none elementor-hidden-mobile elementor-widget elementor-widget-nav-menu\" data-id=\"4fa1ca4\" data-element_type=\"widget\" data-settings=\"{&quot;layout&quot;:&quot;horizontal&quot;,&quot;submenu_icon&quot;:{&quot;value&quot;:&quot;&lt;i class=\\&quot;fas fa-caret-down\\&quot;&gt;&lt;\\\/i&gt;&quot;,&quot;library&quot;:&quot;fa-solid&quot;}}\" data-widget_type=\"nav-menu.default\">\n\t\t\t\t<div class=\"elementor-widget-container\">\n\t\t\t\t\t\t<nav aria-label=\"Menu\" class=\"elementor-nav-menu--main elementor-nav-menu__container elementor-nav-menu--layout-horizontal e--pointer-none\">\n\t\t\t\t<ul id=\"menu-1-4fa1ca4\" class=\"elementor-nav-menu\"><li class=\"menu-item menu-item-type-custom menu-item-object-custom menu-item-25\"><a href=\"index.php\/#inicio\" class=\"elementor-item elementor-item-anchor\">Inicio<\/a><\/li>\n<li class=\"menu-item menu-item-type-custom menu-item-object-custom menu-item-26\"><a href=\"index.php\/#nosotros\" class=\"elementor-item elementor-item-anchor\">Nosotros<\/a><\/li>\n<li class=\"menu-item menu-item-type-post_type menu-item-object-page menu-item-162\"><a href=\"https:\/\/manoamano.ar\/index.php\/encuentro-de-mano-a-mano-y-acrobacia-grupal\/\" class=\"elementor-item\">Encuentro<\/a><\/li>\n<li class=\"menu-item menu-item-type-custom menu-item-object-custom menu-item-27\"><a href=\"index.php\/#equipo\" class=\"elementor-item elementor-item-anchor\">Equipo<\/a><\/li>\n<li class=\"menu-item menu-item-type-custom menu-item-object-custom menu-item-28\"><a href=\"index.php\/#contacto\" class=\"elementor-item elementor-item-anchor\">Contacto<\/a><\/li>\n<\/ul>\t\t\t<\/nav>\n\t\t\t\t\t\t<nav class=\"elementor-nav-menu--dropdown elementor-nav-menu__container\" aria-hidden=\"true\">\n\t\t\t\t<ul id=\"menu-2-4fa1ca4\" class=\"elementor-nav-menu\"><li class=\"menu-item menu-item-type-custom menu-item-object-custom menu-item-25\"><a href=\"index.php\/#inicio\" class=\"elementor-item elementor-item-anchor\" tabindex=\"-1\">Inicio<\/a><\/li>\n<li class=\"menu-item menu-item-type-custom menu-item-object-custom menu-item-26\"><a href=\"index.php\/#nosotros\" class=\"elementor-item elementor-item-anchor\" tabindex=\"-1\">Nosotros<\/a><\/li>\n<li class=\"menu-item menu-item-type-post_type menu-item-object-page menu-item-162\"><a href=\"https:\/\/manoamano.ar\/index.php\/encuentro-de-mano-a-mano-y-acrobacia-grupal\/\" class=\"elementor-item\" tabindex=\"-1\">Encuentro<\/a><\/li>\n<li class=\"menu-item menu-item-type-custom menu-item-object-custom menu-item-27\"><a href=\"index.php\/#equipo\" class=\"elementor-item elementor-item-anchor\" tabindex=\"-1\">Equipo<\/a><\/li>\n<li class=\"menu-item menu-item-type-custom menu-item-object-custom menu-item-28\"><a href=\"index.php\/#contacto\" class=\"elementor-item elementor-item-anchor\" tabindex=\"-1\">Contacto<\/a><\/li>\n<\/ul>\t\t\t<\/nav>\n\t\t\t\t<\/div>\n\t\t\t\t<\/div>\n\t\t\t\t<\/div>\n\t\t<div class=\"elementor-element elementor-element-4a42004 e-con-full e-flex e-con e-child\" data-id=\"4a42004\" data-element_type=\"container\">\n\t\t\t\t<div class=\"elementor-element elementor-element-ab4b935 elementor-widget elementor-widget-image\" data-id=\"ab4b935\" data-element_type=\"widget\" data-widget_type=\"image.default\">\n\t\t\t\t<div class=\"elementor-widget-container\">\n\t\t\t\t\t\t\t\t\t\t\t\t\t<img decoding=\"async\" src=\"https:\/\/rulo.com.ar\/wp-content\/uploads\/2024\/05\/made-by@0.5x.png\" title=\"\" alt=\"\" loading=\"lazy\" \/>\t\t\t\t\t\t\t\t\t\t\t\t\t<\/div>\n\t\t\t\t<\/div>\n\t\t\t\t<\/div>\n\t\t\t\t<\/div>\n\t\t\t\t<\/div>\n\t\t\t\t<\/div>\n\t\t","protected":false},"excerpt":{"rendered":"<p>ENCUENTRO Facebook Instagram Youtube Encuentro de Mano a Mano y Acrobacia Grupal T\u00c9RMINOS Y CONDICIONES Encuentro de Mano a Mano y Acrobacia Grupal Asociaci\u00f3n Argentina de Mano a Mano (AAMAM) La finalizaci\u00f3n del proceso de inscripci\u00f3n implica la lectura, comprensi\u00f3n y aceptaci\u00f3n plena e incondicional de los presentes T\u00e9rminos y Condiciones (en adelante, \u00abT&amp;C\u00bb) por [&hellip;]<\/p>\n","protected":false},"author":1,"featured_media":0,"parent":0,"menu_order":0,"comment_status":"closed","ping_status":"closed","template":"elementor_canvas","meta":{"footnotes":""},"class_list":["post-142","page","type-page","status-publish","hentry"],"_links":{"self":[{"href":"https:\/\/manoamano.ar\/index.php\/wp-json\/wp\/v2\/pages\/142","targetHints":{"allow":["GET"]}}],"collection":[{"href":"https:\/\/manoamano.ar\/index.php\/wp-json\/wp\/v2\/pages"}],"about":[{"href":"https:\/\/manoamano.ar\/index.php\/wp-json\/wp\/v2\/types\/page"}],"author":[{"embeddable":true,"href":"https:\/\/manoamano.ar\/index.php\/wp-json\/wp\/v2\/users\/1"}],"replies":[{"embeddable":true,"href":"https:\/\/manoamano.ar\/index.php\/wp-json\/wp\/v2\/comments?post=142"}],"version-history":[{"count":37,"href":"https:\/\/manoamano.ar\/index.php\/wp-json\/wp\/v2\/pages\/142\/revisions"}],"predecessor-version":[{"id":180,"href":"https:\/\/manoamano.ar\/index.php\/wp-json\/wp\/v2\/pages\/142\/revisions\/180"}],"wp:attachment":[{"href":"https:\/\/manoamano.ar\/index.php\/wp-json\/wp\/v2\/media?parent=142"}],"curies":[{"name":"wp","href":"https:\/\/api.w.org\/{rel}","templated":true}]}}